{"id":13,"date":"2014-09-04T21:41:36","date_gmt":"2014-09-04T19:41:36","guid":{"rendered":"http:\/\/www.shoppingch.ch\/gabystuder\/?page_id=13"},"modified":"2015-06-11T14:55:14","modified_gmt":"2015-06-11T12:55:14","slug":"ueber-mich","status":"publish","type":"page","link":"http:\/\/www.gabystuder.ch\/index.php\/ueber-mich\/","title":{"rendered":"\u00fcber mich"},"content":{"rendered":"<p style=\"text-align: left;\"><span style=\"color: #800080;\">\u00a0Mein Name ist Gaby Studer. Ich bin verheiratet und arbeite seit vielen Jahren als Kinesiologin (Krankenkassen anerkannt seit 2000).\u00a0\u00a0 Als einziges Kind verbrachte ich wohlbeh\u00fctet eine gl\u00fcckliche Kindheit mitten in Basel-Stadt. Meine berufliche Laufbahn begann ich als Podologin und machte mich relativ fr\u00fch, Mitte der 70er Jahre, selbst\u00e4ndig. Ich erweiterte meine T\u00e4tigkeit auf alternative Therapieformen und erlernte die Fussreflexzonenmassage, erwarb mir umfassendes Wissen \u00fcber die Anwendung und Wirkung von Bachbl\u00fcten und liess mich zur Kinesiologin ausbilden. Die Kinesiologie faszinierte mich wegen der Einfachheit der Anwendung und der guten Heilungserfolge.\u00a0 Ich biete auch Hypnose an.<\/span><\/p>\n<p style=\"text-align: left;\"><span style=\"color: #800080;\">\u00a0Heute ist mein Spezialgebiet unter anderem die Behandlung von Unvertr\u00e4glichkeiten (Allergien) und Entgiftungen (Schadstoffe und Metalle aus dem K\u00f6rper ausleiten).\u00a0\u00a0 Als Besitzerin von Pferd und Hund fragte ich mich aber auch, ob diese Methode genauso an Tieren wie an Menschen angewendet werden kann. So stiess ich 1998 auf den Namen Laurent Schneitter und erlernte die Anwendung der Kinesiologie am Tier. Im Jahr 2001 schloss ich meine Ausbildung zur Instruktorin f\u00fcr Kinesiologie f\u00fcr Tiere erfolgreich ab. Seit langem kommen die Tierhalter mit ihren Lieblingen aus allen Teilen der Schweiz zu mir. Oft werden die Tiere auch von Tier\u00e4rzten \u00fcberwiesen. Grosse Freude bereiten mir auch die vielen positiven R\u00fcckmeldungen von Teilnehmern meiner Kurse. Die Methoden, die ich weitervermittle sind praxisorientiert, einfach in der Anwendung und effizient. (Details unter der Rubrik \u201eKurse und Termine\u201c.)\u00a0\u00a0 Ich freue mich, wenn ich Sie mit meinem umfassenden und fundierten Wissen unterst\u00fctzen darf. Z\u00f6gern Sie nicht, mich zu kontaktieren, wenn Sie Fragen haben.\u00a0\u00a0 F\u00fcr Ihr Vertrauen danke ich Ihnen im Voraus. Ich freue mich darauf, Sie kennenzulernen.<\/span><\/p>\n<p><span style=\"color: #800080;\">\u00a0<\/span><\/p>\n<p style=\"text-align: left;\">\n","protected":false},"excerpt":{"rendered":"<p>\u00a0Mein Name ist Gaby Studer. Ich bin verheiratet und arbeite seit vielen Jahren als Kinesiologin (Krankenkassen anerkannt seit 2000).\u00a0\u00a0 Als einziges Kind verbrachte ich wohlbeh\u00fctet eine gl\u00fcckliche Kindheit mitten in Basel-Stadt. Meine berufliche Laufbahn begann ich als Podologin und machte mich relativ fr\u00fch, Mitte der 70er Jahre, selbst\u00e4ndig. Ich erweiterte meine T\u00e4tigkeit auf alternative Therapieformen [&hellip;]<\/p>\n","protected":false},"author":1,"featured_media":102,"parent":0,"menu_order":0,"comment_status":"open","ping_status":"open","template":"page-templates\/front-page.php","meta":{"footnotes":""},"class_list":["post-13","page","type-page","status-publish","has-post-thumbnail","hentry"],"_links":{"self":[{"href":"http:\/\/www.gabystuder.ch\/index.php\/wp-json\/wp\/v2\/pages\/13","targetHints":{"allow":["GET"]}}],"collection":[{"href":"http:\/\/www.gabystuder.ch\/index.php\/wp-json\/wp\/v2\/pages"}],"about":[{"href":"http:\/\/www.gabystuder.ch\/index.php\/wp-json\/wp\/v2\/types\/page"}],"author":[{"embeddable":true,"href":"http:\/\/www.gabystuder.ch\/index.php\/wp-json\/wp\/v2\/users\/1"}],"replies":[{"embeddable":true,"href":"http:\/\/www.gabystuder.ch\/index.php\/wp-json\/wp\/v2\/comments?post=13"}],"version-history":[{"count":6,"href":"http:\/\/www.gabystuder.ch\/index.php\/wp-json\/wp\/v2\/pages\/13\/revisions"}],"predecessor-version":[{"id":136,"href":"http:\/\/www.gabystuder.ch\/index.php\/wp-json\/wp\/v2\/pages\/13\/revisions\/136"}],"wp:featuredmedia":[{"embeddable":true,"href":"http:\/\/www.gabystuder.ch\/index.php\/wp-json\/wp\/v2\/media\/102"}],"wp:attachment":[{"href":"http:\/\/www.gabystuder.ch\/index.php\/wp-json\/wp\/v2\/media?parent=13"}],"curies":[{"name":"wp","href":"https:\/\/api.w.org\/{rel}","templated":true}]}}