{"id":169,"date":"2014-09-21T17:31:39","date_gmt":"2014-09-21T15:31:39","guid":{"rendered":"http:\/\/www.shoppingch.ch\/gabystuder\/?page_id=169"},"modified":"2015-06-11T14:54:42","modified_gmt":"2015-06-11T12:54:42","slug":"bachbluetentherapie","status":"publish","type":"page","link":"http:\/\/www.gabystuder.ch\/index.php\/meine-praxis\/bachbluetentherapie\/","title":{"rendered":"Bach-Bl\u00fctentherapie"},"content":{"rendered":"<h2><span style=\"color: #993366;\"><em>Was ist dies?\u00a0\u00a0<\/em> Der englische Arzt Dr. Edward Bach (1886-1936) entwickelte aus Blumen, Str\u00e4ucher und\u00a0B\u00e4umen 38 heilsame Essenzen.<\/span><\/h2>\n<h2><span style=\"color: #993366;\">Laut Bachs These beruhe jede k\u00f6rperliche Krankheit auf einer seelischen Gleichgewichtsst\u00f6rung. Die Ursache dieser St\u00f6rung ist ein Konflikt zwischen der unsterblichen Seele und der Pers\u00f6nlichkeit, und eine Heilung kann nur durch die Harmonisierung auf dieser geistig-seelischen Ebene bewirkt werden.<\/span><\/h2>\n<h2><span style=\"color: #993366;\">Mit Hilfe des Muskeltest kann ich Ihnen eine individuelle Zusammensetzung ihrer ben\u00f6tigten Bachbl\u00fctenmischung ermitteln und zusammenstellen.<\/span><\/h2>\n<h2><\/h2>\n","protected":false},"excerpt":{"rendered":"<p>Was ist dies?\u00a0\u00a0 Der englische Arzt Dr. Edward Bach (1886-1936) entwickelte aus Blumen, Str\u00e4ucher und\u00a0B\u00e4umen 38 heilsame Essenzen. Laut Bachs These beruhe jede k\u00f6rperliche Krankheit auf einer seelischen Gleichgewichtsst\u00f6rung. Die Ursache dieser St\u00f6rung ist ein Konflikt zwischen der unsterblichen Seele und der Pers\u00f6nlichkeit, und eine Heilung kann nur durch die Harmonisierung auf dieser geistig-seelischen Ebene [&hellip;]<\/p>\n","protected":false},"author":1,"featured_media":0,"parent":42,"menu_order":3,"comment_status":"closed","ping_status":"closed","template":"page-templates\/full-width.php","meta":{"footnotes":""},"class_list":["post-169","page","type-page","status-publish","hentry"],"_links":{"self":[{"href":"http:\/\/www.gabystuder.ch\/index.php\/wp-json\/wp\/v2\/pages\/169","targetHints":{"allow":["GET"]}}],"collection":[{"href":"http:\/\/www.gabystuder.ch\/index.php\/wp-json\/wp\/v2\/pages"}],"about":[{"href":"http:\/\/www.gabystuder.ch\/index.php\/wp-json\/wp\/v2\/types\/page"}],"author":[{"embeddable":true,"href":"http:\/\/www.gabystuder.ch\/index.php\/wp-json\/wp\/v2\/users\/1"}],"replies":[{"embeddable":true,"href":"http:\/\/www.gabystuder.ch\/index.php\/wp-json\/wp\/v2\/comments?post=169"}],"version-history":[{"count":4,"href":"http:\/\/www.gabystuder.ch\/index.php\/wp-json\/wp\/v2\/pages\/169\/revisions"}],"predecessor-version":[{"id":247,"href":"http:\/\/www.gabystuder.ch\/index.php\/wp-json\/wp\/v2\/pages\/169\/revisions\/247"}],"up":[{"embeddable":true,"href":"http:\/\/www.gabystuder.ch\/index.php\/wp-json\/wp\/v2\/pages\/42"}],"wp:attachment":[{"href":"http:\/\/www.gabystuder.ch\/index.php\/wp-json\/wp\/v2\/media?parent=169"}],"curies":[{"name":"wp","href":"https:\/\/api.w.org\/{rel}","templated":true}]}}