{"id":2,"date":"2014-09-04T14:46:57","date_gmt":"2014-09-04T12:46:57","guid":{"rendered":"http:\/\/www.shoppingch.ch\/gabystuder\/?page_id=2"},"modified":"2017-10-01T11:53:05","modified_gmt":"2017-10-01T09:53:05","slug":"kontakt","status":"publish","type":"page","link":"http:\/\/www.gabystuder.ch\/index.php\/kontakt\/","title":{"rendered":"Kontakt"},"content":{"rendered":"<h1 style=\"text-align: center;\"><span style=\"color: #800080;\">Bitte kontaktieren Sie mich unter:<\/span><\/h1>\n<h4 style=\"text-align: center;\"><span style=\"color: #800080;\">Gaby Studer,\u00a0\u00a0 Riehenstrasse 82, \u00a0 4058 Basel<\/span><\/h4>\n<h4 style=\"text-align: center;\"><span style=\"color: #800080;\">Tel\u00a0\u00a0061 681 52 85,\u00a0\u00a0\u00a0\u00a0 \u00a0\u00a0Fax\u00a0\u00a0\u00a0 061 681 59 15<\/span><\/h4>\n<h4 style=\"text-align: center;\"><span style=\"color: #800080;\">oder per Email: <a href=\"mailto:gaby-studer@bluewin.ch\"><span style=\"color: #800080;\">gaby-studer(at)bluewin.ch<\/span><\/a><\/span><\/h4>\n<p style=\"text-align: center;\"><span style=\"color: #000000;\">Routenplaner<\/span><\/p>\n<p><span style=\"color: #800080;\">Mitglied des Berufsverbands f\u00fcr Kinesiologie KineSuisse,<\/span><\/p>\n<p><span style=\"color: #800080;\">Mitglied und Kursleiterin beim SVNH Schweizerischer Verband f\u00fcr nat\u00fcrliches Heilen,<\/span><\/p>\n<p><span style=\"color: #800080;\">TFH (Touch for Health),<\/span><\/p>\n<p><span style=\"color: #800080;\">Regionalleiterin Basel-Stadt.<\/span><\/p>\n","protected":false},"excerpt":{"rendered":"<p>Bitte kontaktieren Sie mich unter: Gaby Studer,\u00a0\u00a0 Riehenstrasse 82, \u00a0 4058 Basel Tel\u00a0\u00a0061 681 52 85,\u00a0\u00a0\u00a0\u00a0 \u00a0\u00a0Fax\u00a0\u00a0\u00a0 061 681 59 15 oder per Email: gaby-studer(at)bluewin.ch Routenplaner Mitglied des Berufsverbands f\u00fcr Kinesiologie KineSuisse, Mitglied und Kursleiterin beim SVNH Schweizerischer Verband f\u00fcr nat\u00fcrliches Heilen, TFH (Touch for Health), Regionalleiterin Basel-Stadt.<\/p>\n","protected":false},"author":1,"featured_media":0,"parent":0,"menu_order":2,"comment_status":"closed","ping_status":"closed","template":"","meta":{"footnotes":""},"class_list":["post-2","page","type-page","status-publish","hentry"],"_links":{"self":[{"href":"http:\/\/www.gabystuder.ch\/index.php\/wp-json\/wp\/v2\/pages\/2","targetHints":{"allow":["GET"]}}],"collection":[{"href":"http:\/\/www.gabystuder.ch\/index.php\/wp-json\/wp\/v2\/pages"}],"about":[{"href":"http:\/\/www.gabystuder.ch\/index.php\/wp-json\/wp\/v2\/types\/page"}],"author":[{"embeddable":true,"href":"http:\/\/www.gabystuder.ch\/index.php\/wp-json\/wp\/v2\/users\/1"}],"replies":[{"embeddable":true,"href":"http:\/\/www.gabystuder.ch\/index.php\/wp-json\/wp\/v2\/comments?post=2"}],"version-history":[{"count":5,"href":"http:\/\/www.gabystuder.ch\/index.php\/wp-json\/wp\/v2\/pages\/2\/revisions"}],"predecessor-version":[{"id":470,"href":"http:\/\/www.gabystuder.ch\/index.php\/wp-json\/wp\/v2\/pages\/2\/revisions\/470"}],"wp:attachment":[{"href":"http:\/\/www.gabystuder.ch\/index.php\/wp-json\/wp\/v2\/media?parent=2"}],"curies":[{"name":"wp","href":"https:\/\/api.w.org\/{rel}","templated":true}]}}