{"id":216,"date":"2014-10-02T17:19:56","date_gmt":"2014-10-02T15:19:56","guid":{"rendered":"http:\/\/www.shoppingch.ch\/gabystuder\/?page_id=216"},"modified":"2019-03-19T23:26:53","modified_gmt":"2019-03-19T21:26:53","slug":"allergien-intoleranz-und-unvertraeglichkeiten","status":"publish","type":"page","link":"http:\/\/www.gabystuder.ch\/index.php\/meine-praxis\/allergien-intoleranz-und-unvertraeglichkeiten\/","title":{"rendered":"Allergien, Unvertr\u00e4glichkeiten und Intoleranzen"},"content":{"rendered":"<h2><span style=\"color: #993366;\">Ihre Allergien und Unvertr\u00e4glichkeiten\u00a0 k\u00f6nnen mittels Muskeltest festgestellt werden.<\/span><\/h2>\n<h2><span style=\"color: #993366;\">Mit dieser Kinesiologie-Methode , nach Dr. Jimmy Scott, werden Ihre Beschwerden erkannt. Ihr K\u00f6rper lernt mit den unvertr\u00e4glichen Substanzen umzugehen und die\u00a0Beschwerden verschwinden.<\/span><\/h2>\n<h2><span style=\"color: #993366;\">Beispiele f\u00fcr die Anwendungsgebiete:<\/span><\/h2>\n<ul>\n<li>\n<h2><span style=\"color: #993366;\">Heuschnupfen<\/span><\/h2>\n<\/li>\n<li>\n<h2><span style=\"color: #993366;\">Nahrungsmittelunvertr\u00e4glichkeiten<\/span><\/h2>\n<\/li>\n<li>\n<h2><span style=\"color: #993366;\">Sensibilit\u00e4ten auf Waschmittel, Tierhaare, usw.<\/span><\/h2>\n<\/li>\n<li>\n<h2><span style=\"color: #993366;\">Umweltfaktoren<\/span><\/h2>\n<\/li>\n<li>\n<h2><span style=\"color: #993366;\">Hausstaub<\/span><\/h2>\n<\/li>\n<li>\n<h2><span style=\"color: #993366;\">Milben<\/span><\/h2>\n<\/li>\n<li>\n<h2><span style=\"color: #993366;\">Zahnmaterialien<\/span><\/h2>\n<\/li>\n<\/ul>\n<p>Sie k\u00f6nnen auch einen Kurs bei mir besuchen und eine vereinfachte Version der Behandlung selber erlernen.\u00a0 <a href=\"http:\/\/gabystuder.ch\/index.php\/kurse\/kurse-unvertraeglichkeiten\/\">Hier geht&#8217;s zum Kursangebot.<\/a><\/p>\n<p>&nbsp;<\/p>\n","protected":false},"excerpt":{"rendered":"<p>Ihre Allergien und Unvertr\u00e4glichkeiten\u00a0 k\u00f6nnen mittels Muskeltest festgestellt werden. Mit dieser Kinesiologie-Methode , nach Dr. Jimmy Scott, werden Ihre Beschwerden erkannt. Ihr K\u00f6rper lernt mit den unvertr\u00e4glichen Substanzen umzugehen und die\u00a0Beschwerden verschwinden. Beispiele f\u00fcr die Anwendungsgebiete: Heuschnupfen Nahrungsmittelunvertr\u00e4glichkeiten Sensibilit\u00e4ten auf Waschmittel, Tierhaare, usw. Umweltfaktoren Hausstaub Milben Zahnmaterialien Sie k\u00f6nnen auch einen Kurs bei mir besuchen [&hellip;]<\/p>\n","protected":false},"author":1,"featured_media":0,"parent":42,"menu_order":4,"comment_status":"closed","ping_status":"closed","template":"","meta":{"footnotes":""},"class_list":["post-216","page","type-page","status-publish","hentry"],"_links":{"self":[{"href":"http:\/\/www.gabystuder.ch\/index.php\/wp-json\/wp\/v2\/pages\/216","targetHints":{"allow":["GET"]}}],"collection":[{"href":"http:\/\/www.gabystuder.ch\/index.php\/wp-json\/wp\/v2\/pages"}],"about":[{"href":"http:\/\/www.gabystuder.ch\/index.php\/wp-json\/wp\/v2\/types\/page"}],"author":[{"embeddable":true,"href":"http:\/\/www.gabystuder.ch\/index.php\/wp-json\/wp\/v2\/users\/1"}],"replies":[{"embeddable":true,"href":"http:\/\/www.gabystuder.ch\/index.php\/wp-json\/wp\/v2\/comments?post=216"}],"version-history":[{"count":9,"href":"http:\/\/www.gabystuder.ch\/index.php\/wp-json\/wp\/v2\/pages\/216\/revisions"}],"predecessor-version":[{"id":601,"href":"http:\/\/www.gabystuder.ch\/index.php\/wp-json\/wp\/v2\/pages\/216\/revisions\/601"}],"up":[{"embeddable":true,"href":"http:\/\/www.gabystuder.ch\/index.php\/wp-json\/wp\/v2\/pages\/42"}],"wp:attachment":[{"href":"http:\/\/www.gabystuder.ch\/index.php\/wp-json\/wp\/v2\/media?parent=216"}],"curies":[{"name":"wp","href":"https:\/\/api.w.org\/{rel}","templated":true}]}}