{"id":411,"date":"2017-08-23T10:52:49","date_gmt":"2017-08-23T08:52:49","guid":{"rendered":"http:\/\/gabystuder.ch\/?page_id=411"},"modified":"2023-02-21T13:31:30","modified_gmt":"2023-02-21T11:31:30","slug":"workshop","status":"publish","type":"page","link":"http:\/\/www.gabystuder.ch\/index.php\/workshop\/","title":{"rendered":"Workshop&#8217;s"},"content":{"rendered":"<h1>Ich biete folgende Kurse an:<\/h1>\n<h1><span style=\"color: #800080;\"><strong>Selbsthypnose.\u00a0<span style=\"color: #ff0000;\">\u00a0<\/span> <a href=\"http:\/\/www.gabystuder.ch\/index.php\/workshop\/workshop-selbsthypnose\/\">N\u00e4heres hier<\/a><\/strong><\/span><\/h1>\n<h1><span style=\"color: #800080;\"><strong>R.E.S.E.T.\u00a0\u00a0\u00a0\u00a0\u00a0 \u00a0\u00a0\u00a0\u00a0\u00a0\u00a0\u00a0\u00a0 <a href=\"http:\/\/gabystuder.ch\/index.php\/kurse\/r-e-s-e-t\/\">N\u00e4heres hier<\/a><\/strong><\/span><\/h1>\n<h1><span style=\"color: #800080;\"><strong>Unvertr\u00e4glichkeiten, Allergien.\u00a0 <a href=\"http:\/\/gabystuder.ch\/index.php\/kurse\/kurse-unvertraeglichkeiten\/\">N\u00e4heres hier<\/a><\/strong><\/span><\/h1>\n<h1><span style=\"color: #800080;\"><strong>Tierkinesiologie. <a href=\"http:\/\/gabystuder.ch\/index.php\/kurse\/kurs-tierkinesiologie\/\">N\u00e4heres hier<\/a><\/strong><\/span><\/h1>\n<h2>Die Workshops werden in Basel durchgef\u00fchrt.<\/h2>\n","protected":false},"excerpt":{"rendered":"<p>Ich biete folgende Kurse an: Selbsthypnose.\u00a0\u00a0 N\u00e4heres hier R.E.S.E.T.\u00a0\u00a0\u00a0\u00a0\u00a0 \u00a0\u00a0\u00a0\u00a0\u00a0\u00a0\u00a0\u00a0 N\u00e4heres hier Unvertr\u00e4glichkeiten, Allergien.\u00a0 N\u00e4heres hier Tierkinesiologie. N\u00e4heres hier Die Workshops werden in Basel durchgef\u00fchrt.<\/p>\n","protected":false},"author":2,"featured_media":0,"parent":0,"menu_order":0,"comment_status":"closed","ping_status":"closed","template":"","meta":{"footnotes":""},"class_list":["post-411","page","type-page","status-publish","hentry"],"_links":{"self":[{"href":"http:\/\/www.gabystuder.ch\/index.php\/wp-json\/wp\/v2\/pages\/411","targetHints":{"allow":["GET"]}}],"collection":[{"href":"http:\/\/www.gabystuder.ch\/index.php\/wp-json\/wp\/v2\/pages"}],"about":[{"href":"http:\/\/www.gabystuder.ch\/index.php\/wp-json\/wp\/v2\/types\/page"}],"author":[{"embeddable":true,"href":"http:\/\/www.gabystuder.ch\/index.php\/wp-json\/wp\/v2\/users\/2"}],"replies":[{"embeddable":true,"href":"http:\/\/www.gabystuder.ch\/index.php\/wp-json\/wp\/v2\/comments?post=411"}],"version-history":[{"count":15,"href":"http:\/\/www.gabystuder.ch\/index.php\/wp-json\/wp\/v2\/pages\/411\/revisions"}],"predecessor-version":[{"id":744,"href":"http:\/\/www.gabystuder.ch\/index.php\/wp-json\/wp\/v2\/pages\/411\/revisions\/744"}],"wp:attachment":[{"href":"http:\/\/www.gabystuder.ch\/index.php\/wp-json\/wp\/v2\/media?parent=411"}],"curies":[{"name":"wp","href":"https:\/\/api.w.org\/{rel}","templated":true}]}}