{"id":413,"date":"2017-08-23T10:58:55","date_gmt":"2017-08-23T08:58:55","guid":{"rendered":"http:\/\/gabystuder.ch\/?page_id=413"},"modified":"2024-02-28T11:06:44","modified_gmt":"2024-02-28T09:06:44","slug":"workshop-selbsthypnose","status":"publish","type":"page","link":"http:\/\/www.gabystuder.ch\/index.php\/workshop\/workshop-selbsthypnose\/","title":{"rendered":"Workshop &#8211; Selbsthypnose"},"content":{"rendered":"\n<div class=\"wp-block-group\"><div class=\"wp-block-group__inner-container is-layout-flow wp-block-group-is-layout-flow\">\n<h1><span style=\"color: #800080;\">\u00a0 \u00a0 \u00a0<img loading=\"lazy\" decoding=\"async\" class=\" wp-image-141 alignright\" src=\"http:\/\/www.gabystuder.ch\/wp-content\/uploads\/2014\/09\/Hypnosecoach-Schweiz-300x137.png\" alt=\"\" width=\"150\" height=\"68\" srcset=\"http:\/\/www.gabystuder.ch\/wp-content\/uploads\/2014\/09\/Hypnosecoach-Schweiz-300x137.png 300w, http:\/\/www.gabystuder.ch\/wp-content\/uploads\/2014\/09\/Hypnosecoach-Schweiz.png 335w\" sizes=\"auto, (max-width: 150px) 100vw, 150px\" \/><\/span><\/h1>\n<h2><span style=\"font-size: medium;\"><strong><span style=\"color: #000000; font-family: Calibri;\"><a href=\"http:\/\/gabystuder.ch\/index.php\/meine-praxis\/hypnosecoaching\/\">Siehe auch Hypnosecoaching<\/a><\/span><\/strong><\/span><\/h2>\n<p>&#8212;&#8212;&#8212;&#8212;&#8212;&#8212;&#8212;&#8212;&#8212;&#8212;&#8212;&#8212;&#8212;&#8212;&#8212;&#8212;&#8212;&#8212;&#8212;&#8212;&#8212;&#8212;&#8212;&#8212;&#8212;&#8212;&#8212;&#8212;&#8212;&#8212;&#8212;&#8212;&#8212;&#8212;&#8212;&#8212;&#8212;&#8212;&#8212;&#8212;&#8212;&#8211;<\/p>\n<h1><span style=\"color: #ff0000;\">Mit Selbsthypnose Ihr Potenzial aktivieren :<\/span><\/h1>\n<h2>An diesem Tagesworkshop lernen Sie in Theorie und Praxis, k\u00f6rperliche sowie seelische Probleme zu erkennen und zu l\u00f6sen. Aktivieren Sie mit Selbsthypnose Ihre mentalen Kr\u00e4fte.<\/h2>\n<h2>Kurs: \u00a0Samstag, 27. April 2024, 09:30-16:30 Uhr<\/h2>\n<h2>Ort: Basel, Falknerstrasse 33,\u00a0<\/h2>\n<h2>Kosten: sFr. 240.\u2014 \u00a0inkl. Kursmaterial<\/h2>\n<p><span style=\"color: #000000;\">Anmeldung ab sofort bei Gaby Studer, Hypnosecoaching und Kinesiologin: \u00a0 Anmeldeschluss: 19. April 2024<\/span><\/p>\n<h2><span style=\"color: #993300;\">Kursleitung: Gaby Studer, Kinesiologin und Hypnose-Coach und Regina Helfenstein, Kinesiologin und Hypnose-Coach<\/span><\/h2>\n<h2><span style=\"color: #993300;\">\u00a0per Telefon: 061 681 52 85 oder per Mail:<\/span><a href=\"mailto:gaby-studer@bluewin.ch\"> gaby-studer(at)bluewin.ch<\/a><\/h2>\n<h4>Flyer zum Ausdrucken: <a href=\"http:\/\/www.gabystuder.ch\/wp-content\/uploads\/2024\/02\/Flyer_Selbsthypnose_27-04-24.pdf\">Flyer_Selbsthypnose_27-04-24<\/a><\/h4>\n<p>&#8212;&#8212;&#8212;&#8212;&#8212;&#8212;&#8212;&#8212;&#8212;&#8212;&#8212;&#8212;&#8212;&#8212;&#8212;&#8212;&#8212;&#8212;&#8212;&#8212;&#8212;&#8212;&#8212;&#8212;&#8212;&#8212;&#8212;&#8212;&#8212;&#8212;&#8212;&#8212;&#8212;&#8212;&#8212;&#8212;&#8212;&#8212;&#8212;&#8212;&#8212;&#8211;<\/p>\n<h2><span style=\"color: #808080;\">Neu: Refresher Kurs!!!<\/span><\/h2>\n<h1>M\u00f6chtest Du Dein erlerntes Wissen vom letzten Kurs auffrischen?<\/h1>\n<h1>M\u00f6chtest Du neues dazu lernen oder vertiefen?<\/h1>\n<h2><span style=\"color: #808080;\"><em><strong>Dann melde Dich an!<\/strong><\/em><\/span><\/h2>\n<h2><span style=\"color: #808080;\">Kurs: unbekannt<\/span><\/h2>\n<h6>\u00a0<\/h6>\n<h2>Anmeldung ab sofort bei Gaby Studer, Hypnosecoaching und Kinesiologin:<\/h2>\n<h2><span style=\"color: #993300;\">Kursleitung: Gaby Studer, Kinesiologin und Hypnose-Coach und Regina Helfenstein, Kinesiologin und Hypnose-Coach<\/span><\/h2>\n<h2>\u00a0<span style=\"color: #993300;\">per Telefon: 061 681 52 85 oder per Mail:<a href=\"mailto:gaby-studer@bluewin.ch\"> gaby-studer(at)bluewin.ch<\/a><\/span><\/h2>\n<h3><span style=\"color: #000000;\">\u00a0<\/span><\/h3>\n<h1><a href=\"http:\/\/www.gabystuder.ch\/index.php\/workshop\/\">zur\u00fcck zu Workshop<\/a><\/h1>\n<\/div><\/div>\n","protected":false},"excerpt":{"rendered":"<p>\u00a0 \u00a0 \u00a0 Siehe auch Hypnosecoaching &#8212;&#8212;&#8212;&#8212;&#8212;&#8212;&#8212;&#8212;&#8212;&#8212;&#8212;&#8212;&#8212;&#8212;&#8212;&#8212;&#8212;&#8212;&#8212;&#8212;&#8212;&#8212;&#8212;&#8212;&#8212;&#8212;&#8212;&#8212;&#8212;&#8212;&#8212;&#8212;&#8212;&#8212;&#8212;&#8212;&#8212;&#8212;&#8212;&#8212;&#8212;&#8211; Mit Selbsthypnose Ihr Potenzial aktivieren : An diesem Tagesworkshop lernen Sie in Theorie und Praxis, k\u00f6rperliche sowie seelische Probleme zu erkennen und zu l\u00f6sen. Aktivieren Sie mit Selbsthypnose Ihre mentalen Kr\u00e4fte. Kurs: \u00a0Samstag, 27. April 2024, 09:30-16:30 Uhr Ort: Basel, Falknerstrasse 33,\u00a0 Kosten: sFr. 240.\u2014 \u00a0inkl. Kursmaterial Anmeldung [&hellip;]<\/p>\n","protected":false},"author":2,"featured_media":0,"parent":411,"menu_order":1,"comment_status":"closed","ping_status":"closed","template":"page-templates\/full-width.php","meta":{"footnotes":""},"class_list":["post-413","page","type-page","status-publish","hentry"],"_links":{"self":[{"href":"http:\/\/www.gabystuder.ch\/index.php\/wp-json\/wp\/v2\/pages\/413","targetHints":{"allow":["GET"]}}],"collection":[{"href":"http:\/\/www.gabystuder.ch\/index.php\/wp-json\/wp\/v2\/pages"}],"about":[{"href":"http:\/\/www.gabystuder.ch\/index.php\/wp-json\/wp\/v2\/types\/page"}],"author":[{"embeddable":true,"href":"http:\/\/www.gabystuder.ch\/index.php\/wp-json\/wp\/v2\/users\/2"}],"replies":[{"embeddable":true,"href":"http:\/\/www.gabystuder.ch\/index.php\/wp-json\/wp\/v2\/comments?post=413"}],"version-history":[{"count":77,"href":"http:\/\/www.gabystuder.ch\/index.php\/wp-json\/wp\/v2\/pages\/413\/revisions"}],"predecessor-version":[{"id":778,"href":"http:\/\/www.gabystuder.ch\/index.php\/wp-json\/wp\/v2\/pages\/413\/revisions\/778"}],"up":[{"embeddable":true,"href":"http:\/\/www.gabystuder.ch\/index.php\/wp-json\/wp\/v2\/pages\/411"}],"wp:attachment":[{"href":"http:\/\/www.gabystuder.ch\/index.php\/wp-json\/wp\/v2\/media?parent=413"}],"curies":[{"name":"wp","href":"https:\/\/api.w.org\/{rel}","templated":true}]}}