{"id":425,"date":"2017-08-23T11:18:49","date_gmt":"2017-08-23T09:18:49","guid":{"rendered":"http:\/\/gabystuder.ch\/?page_id=425"},"modified":"2023-02-21T13:17:02","modified_gmt":"2023-02-21T11:17:02","slug":"r-e-s-e-t","status":"publish","type":"page","link":"http:\/\/www.gabystuder.ch\/index.php\/workshop\/r-e-s-e-t\/","title":{"rendered":"Seminar &#8211; R.E.S.E.T."},"content":{"rendered":"<h1><span style=\"color: #800080;\">Was ist R.E.S.E.T:\u00a0\u00a0\u00a0<span style=\"color: #000000;\"><span style=\"font-family: CenturyGothic-Bold; font-size: xx-small;\"><b>R<\/b><\/span><span style=\"font-family: CenturyGothic; font-size: xx-small;\">afferty <\/span><b><span style=\"font-family: CenturyGothic-Bold; font-size: xx-small;\">E<\/span><\/b><span style=\"font-family: CenturyGothic; font-size: xx-small;\">nergie <\/span><b><span style=\"font-family: CenturyGothic-Bold; font-size: xx-small;\">S<\/span><\/b><span style=\"font-family: CenturyGothic; font-size: xx-small;\">ystem zur <\/span><b><span style=\"font-family: CenturyGothic-Bold; font-size: xx-small;\">E<\/span><\/b><span style=\"font-family: CenturyGothic; font-size: xx-small;\">ntlastung des <\/span><b><span style=\"font-family: CenturyGothic-Bold; font-size: xx-small;\">T<\/span><\/b><span style=\"font-family: CenturyGothic; font-size: xx-small;\">MG (TGM = Kiefergelenk)<\/span><\/span><\/span><\/h1>\n<h1><span style=\"color: #800080;\">Kiefergelenkbalance <\/span><\/h1>\n<h2><span style=\"color: #800080;\">R.E.S.E.T Kurs 1<\/span>\u00a0(als Weiterbildung EMR anerkannt),\u00a0\u00a0 Dauer 4 Std.\u00a0(Vormittags) \u00a0Kosten Fr. 130.&#8211;, , 09:15-13:15Uhr<\/h2>\n<h2>Nat\u00fcrliche Heilenergie bewirkt eine tiefe Entspannung in den Kiefermuskeln. Stress und Giftstoffe werden aus dem K\u00f6rper gel\u00f6st. Die Methode ist wirksam, einfach zu lernen und anzuwenden, auch an sich selbst. Die Verbesserung bemerken Sie bereits im Kurs. Der R\u00fccken entspannt sich, Spannungen im Kopf lassen nach etc. Anwendungsgebiet: Lernf\u00e4higkeit, R\u00fcckenprobleme, Nackenmuskulatur, Schmerzen, Migr\u00e4ne, Schlafprobleme, Bauchschmerzen, Z\u00e4hneknirschen, knackendes Kiefergelenk etc.<\/h2>\n<p><span style=\"text-align: left; color: #000000; text-transform: none; text-indent: 0px; letter-spacing: normal; font-family: 'Open Sans',Helvetica,Arial,sans-serif; font-size: 100%; font-style: normal; font-variant: normal; font-weight: bold; text-decoration: none; word-spacing: 0px; float: none; display: inline !important; white-space: normal; orphans: 2; background-color: #ffffff; -webkit-text-stroke-width: 0px;\"><span style=\"font-family: Helvetica;\">Zum Ausdrucken: <a href=\"http:\/\/www.gabystuder.ch\/wp-content\/uploads\/2019\/04\/Flyer_RESET_Workshop.pdf\">Flyer_RESET_Workshop<\/a><\/span><\/span><\/p>\n<p><span style=\"color: #000000;\">Hier k\u00f6nnen Sie sich Voranmelden:<\/span><\/p>\n<h2><span style=\"color: #800080;\">R.E.S.E.T 2<\/span>\u00a0 (Voraussetzung Kurs1 besucht.)\u00a0 Dauer 4 Std.\u00a0(Vormittags) \u00a0Kosten Fr. 130.&#8211;\u00a0 Zur Zeit noch kein Datum bekannt.<\/h2>\n<h2>Zur Durchf\u00fchrung der klassischen R.E.S.E.T.1 Sitzung ben\u00f6tigen Sie 45 Minuten<span style=\"color: #ff9900;\">. Das R.E.S.E.T.2 ist eine spezielle Kurzbehandlung f\u00fcr eine schnelle und effektive Therapie.<\/span> Sie lernen, aufbauend auf R.E.S.E.T.1,\u00a0\u00a0 speziell zusammengestellte R.E.S.E.T.-Positionen f\u00fcr die Kurzbehandlung, die f\u00fcr Ihre Klienten wie auch zur Eigenbehandlung flexibel einsetzbar sind. Anwendungsm\u00f6glichkeiten der Kurz-behandlung: t\u00e4glich, als 4 Wochen Programm, als Minimalanwendung zum Abschluss nach einer Balance, 10 oder 20 Minuten Balance, zur Entspannung, zur Unterst\u00fctzung bei bestimmten Beschwerdebildern, wie Verspannung, Lernschwierigkeiten, HWS Beschwerden, chronische M\u00fcdigkeit, zur Entgiftung usw.<\/h2>\n<p>zur\u00fcck zu <a href=\"http:\/\/www.gabystuder.ch\/index.php\/kurse\/\">Workshop\u2019s<\/a><\/p>\n","protected":false},"excerpt":{"rendered":"<p>Was ist R.E.S.E.T:\u00a0\u00a0\u00a0Rafferty Energie System zur Entlastung des TMG (TGM = Kiefergelenk) Kiefergelenkbalance R.E.S.E.T Kurs 1\u00a0(als Weiterbildung EMR anerkannt),\u00a0\u00a0 Dauer 4 Std.\u00a0(Vormittags) \u00a0Kosten Fr. 130.&#8211;, , 09:15-13:15Uhr Nat\u00fcrliche Heilenergie bewirkt eine tiefe Entspannung in den Kiefermuskeln. Stress und Giftstoffe werden aus dem K\u00f6rper gel\u00f6st. Die Methode ist wirksam, einfach zu lernen und anzuwenden, auch an [&hellip;]<\/p>\n","protected":false},"author":2,"featured_media":0,"parent":411,"menu_order":2,"comment_status":"closed","ping_status":"closed","template":"","meta":{"footnotes":""},"class_list":["post-425","page","type-page","status-publish","hentry"],"_links":{"self":[{"href":"http:\/\/www.gabystuder.ch\/index.php\/wp-json\/wp\/v2\/pages\/425","targetHints":{"allow":["GET"]}}],"collection":[{"href":"http:\/\/www.gabystuder.ch\/index.php\/wp-json\/wp\/v2\/pages"}],"about":[{"href":"http:\/\/www.gabystuder.ch\/index.php\/wp-json\/wp\/v2\/types\/page"}],"author":[{"embeddable":true,"href":"http:\/\/www.gabystuder.ch\/index.php\/wp-json\/wp\/v2\/users\/2"}],"replies":[{"embeddable":true,"href":"http:\/\/www.gabystuder.ch\/index.php\/wp-json\/wp\/v2\/comments?post=425"}],"version-history":[{"count":29,"href":"http:\/\/www.gabystuder.ch\/index.php\/wp-json\/wp\/v2\/pages\/425\/revisions"}],"predecessor-version":[{"id":736,"href":"http:\/\/www.gabystuder.ch\/index.php\/wp-json\/wp\/v2\/pages\/425\/revisions\/736"}],"up":[{"embeddable":true,"href":"http:\/\/www.gabystuder.ch\/index.php\/wp-json\/wp\/v2\/pages\/411"}],"wp:attachment":[{"href":"http:\/\/www.gabystuder.ch\/index.php\/wp-json\/wp\/v2\/media?parent=425"}],"curies":[{"name":"wp","href":"https:\/\/api.w.org\/{rel}","templated":true}]}}