{"id":433,"date":"2017-08-23T11:30:04","date_gmt":"2017-08-23T09:30:04","guid":{"rendered":"http:\/\/gabystuder.ch\/?page_id=433"},"modified":"2023-02-21T13:19:48","modified_gmt":"2023-02-21T11:19:48","slug":"kurse-unvertraeglichkeiten","status":"publish","type":"page","link":"http:\/\/www.gabystuder.ch\/index.php\/workshop\/kurse-unvertraeglichkeiten\/","title":{"rendered":"Workshop &#8211; Unvertr\u00e4glichkeiten"},"content":{"rendered":"<h1><span style=\"color: #800080;\">Workshop zur Behandlung von Unvertr\u00e4glichkeiten und Allergien nach Dr. Jimmy Scott. <\/span>(EMR anerkannt.)<\/h1>\n<h2>Kursdauer: 1 Tag: Kosten: Fr. 180.&#8211;<\/h2>\n<h2><\/h2>\n<h2>Durch eine einfache Methode nach Dr. Jimmy Scott lernt der K\u00f6rper, mit der bislang unvertr\u00e4glichen Substanz umzugehen. Die St\u00f6rung des Energie-Systems wird so behoben. Sie lernen, sich selbst, Ihren Partner, Ihre Kinder oder Tiere zu behandeln. Anwendungsgebiet: Heuschnupfen, Nahrungsmittelunvertr\u00e4glichkeiten, Sensibilit\u00e4t auf Waschmittel, Umweltfaktoren, Tierhaare, Hausstaub, Milben ect.<\/h2>\n<p>zum Ausdrucken: <a href=\"http:\/\/www.gabystuder.ch\/wp-content\/uploads\/2019\/04\/Flyer_Unvertraeglichkeiten.pdf\">Flyer_Unvertraeglichkeiten<\/a><\/p>\n<p><span style=\"color: #000000;\">Hier k\u00f6nnen Sie sich anmelden:<\/span><\/p>\n<p><a href=\"http:\/\/www.gabystuder.ch\/index.php\/kurse\/\">zur\u00fcck zu Workshop&#8217;s<\/a><\/p>\n<p><a href=\"http:\/\/gabystuder.ch\/index.php\/meine-praxis\/allergien-intoleranz-und-unvertraeglichkeiten\/\">siehe auch meine Praxis<\/a><\/p>\n","protected":false},"excerpt":{"rendered":"<p>Workshop zur Behandlung von Unvertr\u00e4glichkeiten und Allergien nach Dr. Jimmy Scott. (EMR anerkannt.) Kursdauer: 1 Tag: Kosten: Fr. 180.&#8211; Durch eine einfache Methode nach Dr. Jimmy Scott lernt der K\u00f6rper, mit der bislang unvertr\u00e4glichen Substanz umzugehen. Die St\u00f6rung des Energie-Systems wird so behoben. Sie lernen, sich selbst, Ihren Partner, Ihre Kinder oder Tiere zu behandeln. [&hellip;]<\/p>\n","protected":false},"author":2,"featured_media":0,"parent":411,"menu_order":3,"comment_status":"closed","ping_status":"closed","template":"","meta":{"footnotes":""},"class_list":["post-433","page","type-page","status-publish","hentry"],"_links":{"self":[{"href":"http:\/\/www.gabystuder.ch\/index.php\/wp-json\/wp\/v2\/pages\/433","targetHints":{"allow":["GET"]}}],"collection":[{"href":"http:\/\/www.gabystuder.ch\/index.php\/wp-json\/wp\/v2\/pages"}],"about":[{"href":"http:\/\/www.gabystuder.ch\/index.php\/wp-json\/wp\/v2\/types\/page"}],"author":[{"embeddable":true,"href":"http:\/\/www.gabystuder.ch\/index.php\/wp-json\/wp\/v2\/users\/2"}],"replies":[{"embeddable":true,"href":"http:\/\/www.gabystuder.ch\/index.php\/wp-json\/wp\/v2\/comments?post=433"}],"version-history":[{"count":36,"href":"http:\/\/www.gabystuder.ch\/index.php\/wp-json\/wp\/v2\/pages\/433\/revisions"}],"predecessor-version":[{"id":738,"href":"http:\/\/www.gabystuder.ch\/index.php\/wp-json\/wp\/v2\/pages\/433\/revisions\/738"}],"up":[{"embeddable":true,"href":"http:\/\/www.gabystuder.ch\/index.php\/wp-json\/wp\/v2\/pages\/411"}],"wp:attachment":[{"href":"http:\/\/www.gabystuder.ch\/index.php\/wp-json\/wp\/v2\/media?parent=433"}],"curies":[{"name":"wp","href":"https:\/\/api.w.org\/{rel}","templated":true}]}}