{"id":449,"date":"2017-08-23T12:24:01","date_gmt":"2017-08-23T10:24:01","guid":{"rendered":"http:\/\/gabystuder.ch\/?page_id=449"},"modified":"2023-02-21T13:14:48","modified_gmt":"2023-02-21T11:14:48","slug":"kurs-tierkinesiologie","status":"publish","type":"page","link":"http:\/\/www.gabystuder.ch\/index.php\/workshop\/kurs-tierkinesiologie\/","title":{"rendered":"Workshop &#8211; Tierkinesiologie"},"content":{"rendered":"<h1><span style=\"color: #666699;\"><span style=\"color: #800080;\">Einsteigerworkshop Tierkinesiologie<\/span> <\/span><\/h1>\n<h2>Sie lernen, Ihrem Liebling (Hund, Katze, Pferd etc.) mit Techniken aus der Kinesiologie rasch und wirksam zu helfen, indem Sie Blockaden finden und l\u00f6sen, Allergien, Stress und Schmerzzust\u00e4nde lindern und Heilungsprozesse unterst\u00fctzen. Am Ende des Kurses haben Sie Gelegenheit, auch spezifische Probleme Ihres Haustieres anzusprechen.<\/h2>\n<h2>Dauer: 1 Tag, Kosten: Fr. 180.&#8211;, Datum: noch nicht bekannt.<\/h2>\n<h1><span style=\"color: #800080;\">Tierkinesiologie 2\u00a0 Voraussetzung: Besuch des Einsteigerworkshops.<\/span><\/h1>\n<h2>Ihr Wissen, das Sie im Kurs Tierkinesiologie I erworben haben, wird vertieft und erweitert. Sie erfahren z.B. mehr \u00fcber die st\u00e4rkenden Akupressurpunkte, die Meridiane und Trigger-Punkte, die TMG-Balance (Kiefergelenk), die Anwendung von Bachbl\u00fcten und wie Sie die Ern\u00e4hrung optimieren k\u00f6nnen. Am 3. Tag wird der Kurs &#8222;vor Ort&#8220; an Tieren durchgef\u00fchrt.<\/h2>\n<h2>Dauer: 3 Tage, 1 Tag davon mit praktischem Teil am Tier. Kosten Fr. 480.&#8211; Datum: noch nicht bekannt.<\/h2>\n<p>zur\u00fcck zu <a href=\"http:\/\/www.gabystuder.ch\/index.php\/kurse\/\">Workshop\u2019s<\/a><\/p>\n<p><a href=\"http:\/\/gabystuder.ch\/index.php\/meine-praxis\/kinesiologie-fuer-mensch-und-tier\/\">siehe auch: meine Praxis<\/a><\/p>\n","protected":false},"excerpt":{"rendered":"<p>Einsteigerworkshop Tierkinesiologie Sie lernen, Ihrem Liebling (Hund, Katze, Pferd etc.) mit Techniken aus der Kinesiologie rasch und wirksam zu helfen, indem Sie Blockaden finden und l\u00f6sen, Allergien, Stress und Schmerzzust\u00e4nde lindern und Heilungsprozesse unterst\u00fctzen. Am Ende des Kurses haben Sie Gelegenheit, auch spezifische Probleme Ihres Haustieres anzusprechen. Dauer: 1 Tag, Kosten: Fr. 180.&#8211;, Datum: noch [&hellip;]<\/p>\n","protected":false},"author":2,"featured_media":0,"parent":411,"menu_order":4,"comment_status":"closed","ping_status":"closed","template":"","meta":{"footnotes":""},"class_list":["post-449","page","type-page","status-publish","hentry"],"_links":{"self":[{"href":"http:\/\/www.gabystuder.ch\/index.php\/wp-json\/wp\/v2\/pages\/449","targetHints":{"allow":["GET"]}}],"collection":[{"href":"http:\/\/www.gabystuder.ch\/index.php\/wp-json\/wp\/v2\/pages"}],"about":[{"href":"http:\/\/www.gabystuder.ch\/index.php\/wp-json\/wp\/v2\/types\/page"}],"author":[{"embeddable":true,"href":"http:\/\/www.gabystuder.ch\/index.php\/wp-json\/wp\/v2\/users\/2"}],"replies":[{"embeddable":true,"href":"http:\/\/www.gabystuder.ch\/index.php\/wp-json\/wp\/v2\/comments?post=449"}],"version-history":[{"count":4,"href":"http:\/\/www.gabystuder.ch\/index.php\/wp-json\/wp\/v2\/pages\/449\/revisions"}],"predecessor-version":[{"id":734,"href":"http:\/\/www.gabystuder.ch\/index.php\/wp-json\/wp\/v2\/pages\/449\/revisions\/734"}],"up":[{"embeddable":true,"href":"http:\/\/www.gabystuder.ch\/index.php\/wp-json\/wp\/v2\/pages\/411"}],"wp:attachment":[{"href":"http:\/\/www.gabystuder.ch\/index.php\/wp-json\/wp\/v2\/media?parent=449"}],"curies":[{"name":"wp","href":"https:\/\/api.w.org\/{rel}","templated":true}]}}