{"id":45,"date":"2014-09-04T23:31:16","date_gmt":"2014-09-04T21:31:16","guid":{"rendered":"http:\/\/www.shoppingch.ch\/gabystuder\/?page_id=45"},"modified":"2014-10-02T23:05:48","modified_gmt":"2014-10-02T21:05:48","slug":"links","status":"publish","type":"page","link":"http:\/\/www.gabystuder.ch\/index.php\/links\/","title":{"rendered":"Links"},"content":{"rendered":"<ul>\n<li><a href=\"http:\/\/www.svnh.ch\/\">Schweizerischer Verband f\u00fcr nat\u00fcrliches Heilen www.svnh.ch<\/a><\/li>\n<li><a href=\"http:\/\/www.tfh-verein.ch\/\">Touch for Health Verein www.tfh-verein.ch<\/a><\/li>\n<li><a href=\"http:\/\/www.kinesuisse.ch\/\">Berufsverband f\u00fcr Kinesiologie KineSuisse www.kinesuisse.ch <\/a><\/li>\n<li><a href=\"http:\/\/www.asca.ch\/\">ASCA &#8211; Schweizerische Stiftung f\u00fcr Komplement\u00e4rmedizin www.asca.ch<\/a><\/li>\n<li><a href=\"http:\/\/www.kern-migraenetherapie.de\/\">Kern Migr\u00e4ne Therapie www.kern-migraenetherapie.de<\/a><\/li>\n<li><a href=\"http:\/\/www.emr.ch\/\">EMR Erfahrungs Medizinisches Register www.emr.ch<\/a><\/li>\n<\/ul>\n","protected":false},"excerpt":{"rendered":"<p>Schweizerischer Verband f\u00fcr nat\u00fcrliches Heilen www.svnh.ch Touch for Health Verein www.tfh-verein.ch Berufsverband f\u00fcr Kinesiologie KineSuisse www.kinesuisse.ch ASCA &#8211; Schweizerische Stiftung f\u00fcr Komplement\u00e4rmedizin www.asca.ch Kern Migr\u00e4ne Therapie www.kern-migraenetherapie.de EMR Erfahrungs Medizinisches Register www.emr.ch<\/p>\n","protected":false},"author":1,"featured_media":0,"parent":0,"menu_order":4,"comment_status":"closed","ping_status":"closed","template":"","meta":{"footnotes":""},"class_list":["post-45","page","type-page","status-publish","hentry"],"_links":{"self":[{"href":"http:\/\/www.gabystuder.ch\/index.php\/wp-json\/wp\/v2\/pages\/45","targetHints":{"allow":["GET"]}}],"collection":[{"href":"http:\/\/www.gabystuder.ch\/index.php\/wp-json\/wp\/v2\/pages"}],"about":[{"href":"http:\/\/www.gabystuder.ch\/index.php\/wp-json\/wp\/v2\/types\/page"}],"author":[{"embeddable":true,"href":"http:\/\/www.gabystuder.ch\/index.php\/wp-json\/wp\/v2\/users\/1"}],"replies":[{"embeddable":true,"href":"http:\/\/www.gabystuder.ch\/index.php\/wp-json\/wp\/v2\/comments?post=45"}],"version-history":[{"count":1,"href":"http:\/\/www.gabystuder.ch\/index.php\/wp-json\/wp\/v2\/pages\/45\/revisions"}],"predecessor-version":[{"id":46,"href":"http:\/\/www.gabystuder.ch\/index.php\/wp-json\/wp\/v2\/pages\/45\/revisions\/46"}],"wp:attachment":[{"href":"http:\/\/www.gabystuder.ch\/index.php\/wp-json\/wp\/v2\/media?parent=45"}],"curies":[{"name":"wp","href":"https:\/\/api.w.org\/{rel}","templated":true}]}}