{"id":672,"date":"2020-05-02T11:51:35","date_gmt":"2020-05-02T09:51:35","guid":{"rendered":"http:\/\/gabystuder.ch\/?page_id=672"},"modified":"2020-05-02T13:57:11","modified_gmt":"2020-05-02T11:57:11","slug":"r-e-s-e-t","status":"publish","type":"page","link":"http:\/\/www.gabystuder.ch\/index.php\/meine-praxis\/r-e-s-e-t\/","title":{"rendered":"R.E.S.E.T."},"content":{"rendered":"<h1>R.E.S.E.T:\u00a0 Philip\u00a0<b>R<\/b>afferty entwickelte ein\u00a0<b>E<\/b>nergie\u00a0<b>S<\/b>ystem zur\u00a0<b>E<\/b>ntlastung des\u00a0<b>T<\/b>MG (TGM = Kiefergelenk)<\/h1>\n<p><strong>R<\/strong>afferty<strong> E<\/strong>nergie<strong> S<\/strong>ystem zur <strong>E<\/strong>ntlastung des <strong>T<\/strong>MG<\/p>\n<h2>Nat\u00fcrliche Heilenergie bewirkt eine tiefe Entspannung in den Kiefermuskeln. Verspannungen k\u00f6nnen losgelassen werden. Der ganze K\u00f6rper wird positiv beeinflusst. Stress und Giftstoffe werden aus dem K\u00f6rper gel\u00f6st.\u00a0 Erfahrungen zeigen, dass das Entspannen der Kiefermuskeln bis zu 90% aller Muskeln im K\u00f6rper entspannen kann.<\/h2>\n<h2>Anwendungsgebiete:<\/h2>\n<h2>Lernf\u00e4higkeit steigern,<\/h2>\n<h2>Konzentrationsschwierigkeiten,<\/h2>\n<h2>Verspannungen bei R\u00fcckenproblemen sowie Schulter- und Nackenmuskulatur,<\/h2>\n<h2>Kopfschmerzen, Migr\u00e4ne,<\/h2>\n<h2>Tinitus,<\/h2>\n<h2>Schlafprobleme,<\/h2>\n<h2>Bauchschmerzen,<\/h2>\n<h2>Z\u00e4hneknirschen, knackendes Kiefergelenk,<\/h2>\n<h2>Verdauungsprobleme, etc.<\/h2>\n<p><img loading=\"lazy\" decoding=\"async\" class=\"alignnone size-medium wp-image-690\" src=\"http:\/\/www.gabystuder.ch\/wp-content\/uploads\/2020\/05\/Reset-300x224.jpg\" alt=\"R.E.S.E.T.\" width=\"300\" height=\"224\" \/><\/p>\n","protected":false},"excerpt":{"rendered":"<p>R.E.S.E.T:\u00a0 Philip\u00a0Rafferty entwickelte ein\u00a0Energie\u00a0System zur\u00a0Entlastung des\u00a0TMG (TGM = Kiefergelenk) Rafferty Energie System zur Entlastung des TMG Nat\u00fcrliche Heilenergie bewirkt eine tiefe Entspannung in den Kiefermuskeln. Verspannungen k\u00f6nnen losgelassen werden. Der ganze K\u00f6rper wird positiv beeinflusst. Stress und Giftstoffe werden aus dem K\u00f6rper gel\u00f6st.\u00a0 Erfahrungen zeigen, dass das Entspannen der Kiefermuskeln bis zu 90% aller Muskeln [&hellip;]<\/p>\n","protected":false},"author":2,"featured_media":0,"parent":42,"menu_order":0,"comment_status":"closed","ping_status":"closed","template":"","meta":{"footnotes":""},"class_list":["post-672","page","type-page","status-publish","hentry"],"_links":{"self":[{"href":"http:\/\/www.gabystuder.ch\/index.php\/wp-json\/wp\/v2\/pages\/672","targetHints":{"allow":["GET"]}}],"collection":[{"href":"http:\/\/www.gabystuder.ch\/index.php\/wp-json\/wp\/v2\/pages"}],"about":[{"href":"http:\/\/www.gabystuder.ch\/index.php\/wp-json\/wp\/v2\/types\/page"}],"author":[{"embeddable":true,"href":"http:\/\/www.gabystuder.ch\/index.php\/wp-json\/wp\/v2\/users\/2"}],"replies":[{"embeddable":true,"href":"http:\/\/www.gabystuder.ch\/index.php\/wp-json\/wp\/v2\/comments?post=672"}],"version-history":[{"count":7,"href":"http:\/\/www.gabystuder.ch\/index.php\/wp-json\/wp\/v2\/pages\/672\/revisions"}],"predecessor-version":[{"id":693,"href":"http:\/\/www.gabystuder.ch\/index.php\/wp-json\/wp\/v2\/pages\/672\/revisions\/693"}],"up":[{"embeddable":true,"href":"http:\/\/www.gabystuder.ch\/index.php\/wp-json\/wp\/v2\/pages\/42"}],"wp:attachment":[{"href":"http:\/\/www.gabystuder.ch\/index.php\/wp-json\/wp\/v2\/media?parent=672"}],"curies":[{"name":"wp","href":"https:\/\/api.w.org\/{rel}","templated":true}]}}