{"id":684,"date":"2020-05-02T12:28:28","date_gmt":"2020-05-02T10:28:28","guid":{"rendered":"http:\/\/gabystuder.ch\/?page_id=684"},"modified":"2020-05-02T12:28:28","modified_gmt":"2020-05-02T10:28:28","slug":"entgiftung","status":"publish","type":"page","link":"http:\/\/www.gabystuder.ch\/index.php\/meine-praxis\/entgiftung\/","title":{"rendered":"Entgiftung"},"content":{"rendered":"<h3>Mit dieser Kinesiologie-Methode , nach Dr. Jimmy Scott, werden die Schadstoffe aus ihrem K\u00f6rper ausgeleitet.<\/h3>\n<p>M\u00f6gliche Anwendungsgebiete:<\/p>\n<p>Impfstoffbelastungen<\/p>\n<p>Amalgam, Zahnf\u00fcllungen<\/p>\n<p>Diverse Schadstoffe<\/p>\n<p>&nbsp;<\/p>\n<p>&nbsp;<\/p>\n<p>&nbsp;<\/p>\n<p>&nbsp;<\/p>\n","protected":false},"excerpt":{"rendered":"<p>Mit dieser Kinesiologie-Methode , nach Dr. Jimmy Scott, werden die Schadstoffe aus ihrem K\u00f6rper ausgeleitet. M\u00f6gliche Anwendungsgebiete: Impfstoffbelastungen Amalgam, Zahnf\u00fcllungen Diverse Schadstoffe &nbsp; &nbsp; &nbsp; &nbsp;<\/p>\n","protected":false},"author":2,"featured_media":0,"parent":42,"menu_order":0,"comment_status":"closed","ping_status":"closed","template":"","meta":{"footnotes":""},"class_list":["post-684","page","type-page","status-publish","hentry"],"_links":{"self":[{"href":"http:\/\/www.gabystuder.ch\/index.php\/wp-json\/wp\/v2\/pages\/684","targetHints":{"allow":["GET"]}}],"collection":[{"href":"http:\/\/www.gabystuder.ch\/index.php\/wp-json\/wp\/v2\/pages"}],"about":[{"href":"http:\/\/www.gabystuder.ch\/index.php\/wp-json\/wp\/v2\/types\/page"}],"author":[{"embeddable":true,"href":"http:\/\/www.gabystuder.ch\/index.php\/wp-json\/wp\/v2\/users\/2"}],"replies":[{"embeddable":true,"href":"http:\/\/www.gabystuder.ch\/index.php\/wp-json\/wp\/v2\/comments?post=684"}],"version-history":[{"count":1,"href":"http:\/\/www.gabystuder.ch\/index.php\/wp-json\/wp\/v2\/pages\/684\/revisions"}],"predecessor-version":[{"id":685,"href":"http:\/\/www.gabystuder.ch\/index.php\/wp-json\/wp\/v2\/pages\/684\/revisions\/685"}],"up":[{"embeddable":true,"href":"http:\/\/www.gabystuder.ch\/index.php\/wp-json\/wp\/v2\/pages\/42"}],"wp:attachment":[{"href":"http:\/\/www.gabystuder.ch\/index.php\/wp-json\/wp\/v2\/media?parent=684"}],"curies":[{"name":"wp","href":"https:\/\/api.w.org\/{rel}","templated":true}]}}